{"id":4023,"date":"2019-04-26T09:13:50","date_gmt":"2019-04-26T01:13:50","guid":{"rendered":"https:\/\/140.122.63.29\/site4\/?page_id=4023"},"modified":"2025-12-23T10:48:34","modified_gmt":"2025-12-23T02:48:34","slug":"phd","status":"publish","type":"page","link":"https:\/\/www.tcll.ntnu.edu.tw\/index.php\/relevantinfo\/download\/phd\/","title":{"rendered":"\u535a\u58eb\u73ed\u6a94\u6848"},"content":{"rendered":"\t\t<div data-elementor-type=\"wp-post\" data-elementor-id=\"4023\" class=\"elementor elementor-4023\">\n\t\t\t\t\t\t<section class=\"elementor-section elementor-top-section elementor-element elementor-element-8c28a86 elementor-section-boxed elementor-section-height-default elementor-section-height-default\" data-id=\"8c28a86\" data-element_type=\"section\" data-e-type=\"section\">\n\t\t\t\t\t\t<div class=\"elementor-container elementor-column-gap-default\">\n\t\t\t\t\t<div class=\"elementor-column elementor-col-100 elementor-top-column elementor-element elementor-element-7dffe3dc\" data-id=\"7dffe3dc\" data-element_type=\"column\" data-e-type=\"column\">\n\t\t\t<div class=\"elementor-widget-wrap elementor-element-populated\">\n\t\t\t\t\t\t<div class=\"elementor-element elementor-element-7381f439 elementor-widget elementor-widget-heading\" data-id=\"7381f439\" data-element_type=\"widget\" data-e-type=\"widget\" data-widget_type=\"heading.default\">\n\t\t\t\t<div class=\"elementor-widget-container\">\n\t\t\t\t\t<h2 class=\"elementor-heading-title elementor-size-default\">\u535a\u58eb\u73ed\u6a94\u6848\u4e0b\u8f09 Phok-s\u016b-pan T\u00f3ng-\u00e0n H\u0101-ts\u00e0i\n<\/h2>\t\t\t\t<\/div>\n\t\t\t\t<\/div>\n\t\t\t\t<div class=\"elementor-element elementor-element-dc3d2b0 elementor-widget-divider--view-line elementor-widget elementor-widget-divider\" data-id=\"dc3d2b0\" data-element_type=\"widget\" data-e-type=\"widget\" data-widget_type=\"divider.default\">\n\t\t\t\t<div class=\"elementor-widget-container\">\n\t\t\t\t\t\t\t<div class=\"elementor-divider\">\n\t\t\t<span class=\"elementor-divider-separator\">\n\t\t\t\t\t\t<\/span>\n\t\t<\/div>\n\t\t\t\t\t\t<\/div>\n\t\t\t\t<\/div>\n\t\t\t\t\t<\/div>\n\t\t<\/div>\n\t\t\t\t\t<\/div>\n\t\t<\/section>\n\t\t\t\t<section class=\"elementor-section elementor-top-section elementor-element elementor-element-6b37399 elementor-section-boxed elementor-section-height-default elementor-section-height-default\" data-id=\"6b37399\" data-element_type=\"section\" data-e-type=\"section\">\n\t\t\t\t\t\t<div class=\"elementor-container elementor-column-gap-default\">\n\t\t\t\t\t<div class=\"elementor-column elementor-col-50 elementor-top-column elementor-element elementor-element-8239784\" data-id=\"8239784\" data-element_type=\"column\" data-e-type=\"column\">\n\t\t\t<div class=\"elementor-widget-wrap elementor-element-populated\">\n\t\t\t\t\t\t<div class=\"elementor-element elementor-element-f18aea1 elementor-position-inline-start elementor-view-default elementor-mobile-position-block-start elementor-widget elementor-widget-icon-box\" data-id=\"f18aea1\" data-element_type=\"widget\" data-e-type=\"widget\" data-widget_type=\"icon-box.default\">\n\t\t\t\t<div class=\"elementor-widget-container\">\n\t\t\t\t\t\t\t<div class=\"elementor-icon-box-wrapper\">\n\n\t\t\t\t\t\t<div class=\"elementor-icon-box-icon\">\n\t\t\t\t<span  class=\"elementor-icon\">\n\t\t\t\t<i class=\"fa fa-tags\" aria-hidden=\"true\"><\/i>\t\t\t\t<\/span>\n\t\t\t<\/div>\n\t\t\t\n\t\t\t\t\t\t<div class=\"elementor-icon-box-content\">\n\n\t\t\t\t\t\t\t\t\t<h3 class=\"elementor-icon-box-title\">\n\t\t\t\t\t\t<span  >\n\t\t\t\t\t\t\t\u535a\u58eb\u8cc7\u683c\u8003\t\t\t\t\t\t<\/span>\n\t\t\t\t\t<\/h3>\n\t\t\t\t\n\t\t\t\t\n\t\t\t<\/div>\n\t\t\t\n\t\t<\/div>\n\t\t\t\t\t\t<\/div>\n\t\t\t\t<\/div>\n\t\t\t\t<div class=\"elementor-element elementor-element-4776c5e elementor-widget elementor-widget-text-editor\" data-id=\"4776c5e\" data-element_type=\"widget\" data-e-type=\"widget\" data-widget_type=\"text-editor.default\">\n\t\t\t\t<div class=\"elementor-widget-container\">\n\t\t\t\t\t\t\t\t\t<ul><li><a href=\"https:\/\/www.tcll.ntnu.edu.tw\/wp-content\/uploads\/2023\/05\/down_phd_1_01.pdf\" target=\"_blank\" rel=\"noopener\">\u535a\u58eb\u73ed\u8cc7\u683c\u8003\u6d41\u7a0b\u5716\u793a<\/a><\/li><li><a href=\"https:\/\/www.tcll.ntnu.edu.tw\/wp-content\/uploads\/2025\/04\/\u535a\u58eb\u751f\u8cc7\u683c\u8003\u8a66\u7533\u8acb\u886820250121.doc\" target=\"_blank\" rel=\"noopener\">\u535a\u58eb\u751f\u8cc7\u683c\u8003\u8a66\u7533\u8acb\u8868<\/a><\/li><\/ul>\t\t\t\t\t\t\t\t<\/div>\n\t\t\t\t<\/div>\n\t\t\t\t\t<\/div>\n\t\t<\/div>\n\t\t\t\t<div class=\"elementor-column elementor-col-50 elementor-top-column elementor-element elementor-element-8328b07\" data-id=\"8328b07\" data-element_type=\"column\" data-e-type=\"column\">\n\t\t\t<div class=\"elementor-widget-wrap elementor-element-populated\">\n\t\t\t\t\t\t<div class=\"elementor-element elementor-element-41006d4 elementor-position-inline-start elementor-view-default elementor-mobile-position-block-start elementor-widget elementor-widget-icon-box\" data-id=\"41006d4\" data-element_type=\"widget\" data-e-type=\"widget\" data-widget_type=\"icon-box.default\">\n\t\t\t\t<div class=\"elementor-widget-container\">\n\t\t\t\t\t\t\t<div class=\"elementor-icon-box-wrapper\">\n\n\t\t\t\t\t\t<div class=\"elementor-icon-box-icon\">\n\t\t\t\t<span  class=\"elementor-icon\">\n\t\t\t\t<i class=\"fa fa-server\" aria-hidden=\"true\"><\/i>\t\t\t\t<\/span>\n\t\t\t<\/div>\n\t\t\t\n\t\t\t\t\t\t<div class=\"elementor-icon-box-content\">\n\n\t\t\t\t\t\t\t\t\t<h3 class=\"elementor-icon-box-title\">\n\t\t\t\t\t\t<span  >\n\t\t\t\t\t\t\t\u8ad6\u6587\u8a08\u756b\t\t\t\t\t\t<\/span>\n\t\t\t\t\t<\/h3>\n\t\t\t\t\n\t\t\t\t\n\t\t\t<\/div>\n\t\t\t\n\t\t<\/div>\n\t\t\t\t\t\t<\/div>\n\t\t\t\t<\/div>\n\t\t\t\t<div class=\"elementor-element elementor-element-2d09ca9 elementor-widget elementor-widget-text-editor\" data-id=\"2d09ca9\" data-element_type=\"widget\" data-e-type=\"widget\" data-widget_type=\"text-editor.default\">\n\t\t\t\t<div class=\"elementor-widget-container\">\n\t\t\t\t\t\t\t\t\t<ul><li><a href=\"https:\/\/www.tcll.ntnu.edu.tw\/wp-content\/uploads\/2025\/05\/Doctoral-Thesis-Proposal-Oral-Exam-Application-Form-Version-2022.4.6.odt\">\u535a\u58eb\u8ad6\u6587\u8a08\u756b\u53e3\u8a66\u7533\u8acb\u66f8<\/a><\/li><li><a href=\"https:\/\/www.tcll.ntnu.edu.tw\/wp-content\/uploads\/2021\/06\/down_phd_2_02.odt\" target=\"_blank\" rel=\"noopener\">\u535a\u58eb\u6307\u5c0e\u6559\u6388\u7533\u8acb\u8868<\/a><\/li><li><a href=\"https:\/\/www.tcll.ntnu.edu.tw\/wp-content\/uploads\/2021\/06\/down_phd_2_03.odt\" target=\"_blank\" rel=\"noopener\">\u535a\u58eb\u73ed\u8a08\u756b\u53e3\u8a66\u3010\u53e3\u8003\u6559\u6388\u8207\u6642\u9593\u3011\u78ba\u8a8d\u66f8<\/a><\/li><li><a href=\"https:\/\/www.tcll.ntnu.edu.tw\/wp-content\/uploads\/2023\/05\/down_phd_2_03-1.odt\" target=\"_blank\" rel=\"noopener\">\u535a\u58eb\u73ed\u8a08\u756b\u53e3\u8a66\u3010\u53e3\u8003\u6559\u6388\u8207\u6642\u9593\u3011\u78ba\u8a8d\u66f8(\u8996\u8a0a\u53e3\u8a66\u7248)<\/a><\/li><li><a href=\"https:\/\/www.tcll.ntnu.edu.tw\/wp-content\/uploads\/2021\/06\/down_phd_2_04.odt\" target=\"_blank\" rel=\"noopener\">\u535a\u58eb\u73ed\u8a08\u756b\u53e3\u8a66\u6559\u6388\u8a55\u5be9\u610f\u898b\u8868<\/a><\/li><li><a href=\"https:\/\/www.tcll.ntnu.edu.tw\/wp-content\/uploads\/2021\/06\/down_phd_2_05.odt\" target=\"_blank\" rel=\"noopener\">\u535a\u58eb\u73ed\u8a08\u756b\u53e3\u8a66\u7d9c\u5408\u8a55\u5be9\u7d50\u679c<\/a><\/li><li><a href=\"https:\/\/www.tcll.ntnu.edu.tw\/wp-content\/uploads\/2021\/06\/down_phd_2_06.odt\" target=\"_blank\" rel=\"noopener\">\u535a\u58eb\u73ed\u6821\uff08\u7cfb\uff09\u5916\u8ad6\u6587\u6307\u5c0e\u6559\u6388\u7533\u8acb\u8868<\/a><\/li><\/ul>\t\t\t\t\t\t\t\t<\/div>\n\t\t\t\t<\/div>\n\t\t\t\t\t<\/div>\n\t\t<\/div>\n\t\t\t\t\t<\/div>\n\t\t<\/section>\n\t\t\t\t<section class=\"elementor-section elementor-top-section elementor-element elementor-element-e9f317b elementor-section-boxed elementor-section-height-default elementor-section-height-default\" data-id=\"e9f317b\" data-element_type=\"section\" data-e-type=\"section\">\n\t\t\t\t\t\t<div class=\"elementor-container elementor-column-gap-default\">\n\t\t\t\t\t<div class=\"elementor-column elementor-col-50 elementor-top-column elementor-element elementor-element-5ededd0\" data-id=\"5ededd0\" data-element_type=\"column\" data-e-type=\"column\">\n\t\t\t<div class=\"elementor-widget-wrap elementor-element-populated\">\n\t\t\t\t\t\t<div class=\"elementor-element elementor-element-b2da3c6 elementor-position-inline-start elementor-view-default elementor-mobile-position-block-start elementor-widget elementor-widget-icon-box\" data-id=\"b2da3c6\" data-element_type=\"widget\" data-e-type=\"widget\" data-widget_type=\"icon-box.default\">\n\t\t\t\t<div class=\"elementor-widget-container\">\n\t\t\t\t\t\t\t<div class=\"elementor-icon-box-wrapper\">\n\n\t\t\t\t\t\t<div class=\"elementor-icon-box-icon\">\n\t\t\t\t<span  class=\"elementor-icon\">\n\t\t\t\t<i class=\"fa fa-tasks\" aria-hidden=\"true\"><\/i>\t\t\t\t<\/span>\n\t\t\t<\/div>\n\t\t\t\n\t\t\t\t\t\t<div class=\"elementor-icon-box-content\">\n\n\t\t\t\t\t\t\t\t\t<h3 class=\"elementor-icon-box-title\">\n\t\t\t\t\t\t<span  >\n\t\t\t\t\t\t\t\u5b78\u4f4d\u8ad6\u6587\u8003\u8a66\t\t\t\t\t\t<\/span>\n\t\t\t\t\t<\/h3>\n\t\t\t\t\n\t\t\t\t\n\t\t\t<\/div>\n\t\t\t\n\t\t<\/div>\n\t\t\t\t\t\t<\/div>\n\t\t\t\t<\/div>\n\t\t\t\t<div class=\"elementor-element elementor-element-996aa4d elementor-widget elementor-widget-text-editor\" data-id=\"996aa4d\" data-element_type=\"widget\" data-e-type=\"widget\" data-widget_type=\"text-editor.default\">\n\t\t\t\t<div class=\"elementor-widget-container\">\n\t\t\t\t\t\t\t\t\t<ul><li><a href=\"https:\/\/www.tcll.ntnu.edu.tw\/wp-content\/uploads\/2023\/11\/down_phd_3_01_odt_20231103.odt\" target=\"_blank\" rel=\"noopener\">\u535a\u58eb\u5b78\u4f4d\u8003\u8a66\u7533\u8acb\u66f8(odt)<\/a><a href=\"https:\/\/www.tcll.ntnu.edu.tw\/wp-content\/uploads\/2023\/11\/down_phd_3_01_20231103.doc\" target=\"_blank\" rel=\"noopener\">(word)<\/a><\/li><li class=\"even\"><a href=\"https:\/\/www.tcll.ntnu.edu.tw\/wp-content\/uploads\/2024\/05\/\u535a\u58eb\u5b78\u4f4d\u8003\u8a66\u3010\u53e3\u8003\u6559\u6388\u8207\u6642\u9593\u3011\u78ba\u8a8d\u66f820240507.odt\" target=\"_blank\" rel=\"noopener\">\u535a\u58eb\u5b78\u4f4d\u8003\u8a66\u3010\u53e3\u8003\u6559\u6388\u8207\u6642\u9593\u3011\u78ba\u8a8d\u66f8<\/a><\/li><li><a href=\"https:\/\/www.tcll.ntnu.edu.tw\/wp-content\/uploads\/2023\/05\/down_phd_3_02-1.odt\" target=\"_blank\" rel=\"noopener\">\u535a\u58eb\u5b78\u4f4d\u8003\u8a66\u3010\u53e3\u8003\u6559\u6388\u8207\u6642\u9593\u3011\u78ba\u8a8d\u66f8(\u8996\u8a0a\u53e3\u8a66\u7248)<\/a><\/li><li><a href=\"https:\/\/www.tcll.ntnu.edu.tw\/wp-content\/uploads\/2021\/06\/down_phd_3_04.odt\" target=\"_blank\" rel=\"noopener\">\u535a\u58eb\u5b78\u4f4d\u8003\u8a66\u6559\u6388\u8a55\u5be9\u610f\u898b\u8868<\/a><\/li><li><a href=\"https:\/\/www.tcll.ntnu.edu.tw\/wp-content\/uploads\/2021\/06\/down_phd_3_07.odt\" target=\"_blank\" rel=\"noopener\">\u535a\u58eb\u5b78\u4f4d\u8ad6\u6587\u66f4\u63db\u6307\u5c0e\u6559\u6388\u7533\u8acb\u8868<\/a><\/li><li class=\"even\"><a href=\"https:\/\/www.tcll.ntnu.edu.tw\/wp-content\/uploads\/2021\/06\/down_phd_3_08.odt\" target=\"_blank\" rel=\"noopener\">\u535a\u58eb\u5b78\u4f4d\u8003\u8a66\u5ef6\u671f\u7533\u8acb\u66f8<\/a><\/li><\/ul>\t\t\t\t\t\t\t\t<\/div>\n\t\t\t\t<\/div>\n\t\t\t\t\t<\/div>\n\t\t<\/div>\n\t\t\t\t<div class=\"elementor-column elementor-col-50 elementor-top-column elementor-element elementor-element-08cdedc\" data-id=\"08cdedc\" data-element_type=\"column\" data-e-type=\"column\">\n\t\t\t<div class=\"elementor-widget-wrap elementor-element-populated\">\n\t\t\t\t\t\t<div class=\"elementor-element elementor-element-aa5741e elementor-position-inline-start elementor-view-default elementor-mobile-position-block-start elementor-widget elementor-widget-icon-box\" data-id=\"aa5741e\" data-element_type=\"widget\" data-e-type=\"widget\" data-widget_type=\"icon-box.default\">\n\t\t\t\t<div class=\"elementor-widget-container\">\n\t\t\t\t\t\t\t<div class=\"elementor-icon-box-wrapper\">\n\n\t\t\t\t\t\t<div class=\"elementor-icon-box-icon\">\n\t\t\t\t<span  class=\"elementor-icon\">\n\t\t\t\t<i class=\"fa fa-tasks\" aria-hidden=\"true\"><\/i>\t\t\t\t<\/span>\n\t\t\t<\/div>\n\t\t\t\n\t\t\t\t\t\t<div class=\"elementor-icon-box-content\">\n\n\t\t\t\t\t\t\t\t\t<h3 class=\"elementor-icon-box-title\">\n\t\t\t\t\t\t<span  >\n\t\t\t\t\t\t\t\u5b78\u4f4d\u8ad6\u6587\u5b9a\u7a3f\t\t\t\t\t\t<\/span>\n\t\t\t\t\t<\/h3>\n\t\t\t\t\n\t\t\t\t\n\t\t\t<\/div>\n\t\t\t\n\t\t<\/div>\n\t\t\t\t\t\t<\/div>\n\t\t\t\t<\/div>\n\t\t\t\t<div class=\"elementor-element elementor-element-c56af37 elementor-widget elementor-widget-text-editor\" data-id=\"c56af37\" data-element_type=\"widget\" data-e-type=\"widget\" data-widget_type=\"text-editor.default\">\n\t\t\t\t<div class=\"elementor-widget-container\">\n\t\t\t\t\t\t\t\t\t<ul><li class=\"even\"><a href=\"https:\/\/www.tcll.ntnu.edu.tw\/wp-content\/uploads\/2021\/06\/down_phd_4_01.odt\" target=\"_blank\" rel=\"noopener\">\u535a\u58eb\u5b78\u4f4d\u8ad6\u6587\u5b9a\u7a3f\u901a\u77e5\u55ae<\/a><\/li><li class=\"even\"><a href=\"https:\/\/www.tcll.ntnu.edu.tw\/wp-content\/uploads\/2021\/06\/down_phd_4_02_odt.odt\" target=\"_blank\" rel=\"noopener\">\u535a\u58eb\u8ad6\u6587\u5c01\u9762\u683c\u5f0f (odt)<\/a><a href=\"https:\/\/www.tcll.ntnu.edu.tw\/wp-content\/uploads\/2021\/06\/down_phd_4_02_word.doc\" target=\"_blank\" rel=\"noopener\">\u00a0(word)<\/a><\/li><li class=\"even\"><a href=\"https:\/\/www.tcll.ntnu.edu.tw\/wp-content\/uploads\/2021\/06\/down_phd_4_03.pdf\" target=\"_blank\" rel=\"noopener\">\u535a\u58eb\u8ad6\u6587\u5c01\u9762\u7bc4\u4f8b<\/a><\/li><li><a href=\"https:\/\/www.tcll.ntnu.edu.tw\/wp-content\/uploads\/2025\/12\/\u8ad6\u6587\u66f8\u80cc\u4e2d\u82f1\u6587\u8aaa\u660e.pdf\" target=\"_blank\" rel=\"noopener\">\u535a\u58eb\u8ad6\u6587\u66f8\u80cc\u683c\u5f0f<\/a> <a href=\"https:\/\/www.tcll.ntnu.edu.tw\/wp-content\/uploads\/2025\/12\/\u535a\u58eb\u8ad6\u6587\u66f8\u80cc\u683c\u5f0f.odt\" target=\"_blank\" rel=\"noopener\">(odt)<\/a>\u00a0<a href=\"https:\/\/www.tcll.ntnu.edu.tw\/wp-content\/uploads\/2021\/06\/down_phd_4_04_word.doc\" target=\"_blank\" rel=\"noopener\">(word)\u00a0<\/a><\/li><li><a href=\"https:\/\/www.tcll.ntnu.edu.tw\/wp-content\/uploads\/2021\/06\/down_phd_4_05.pdf\" target=\"_blank\" rel=\"noopener\">\u8ad6\u6587\u88dd\u8a02\u9806\u5e8f\u53ca\u9801\u78bc\u683c\u5f0f<\/a><\/li><\/ul>\t\t\t\t\t\t\t\t<\/div>\n\t\t\t\t<\/div>\n\t\t\t\t\t<\/div>\n\t\t<\/div>\n\t\t\t\t\t<\/div>\n\t\t<\/section>\n\t\t\t\t<section class=\"elementor-section elementor-top-section elementor-element elementor-element-044438d elementor-section-boxed elementor-section-height-default elementor-section-height-default\" data-id=\"044438d\" data-element_type=\"section\" data-e-type=\"section\">\n\t\t\t\t\t\t<div class=\"elementor-container elementor-column-gap-default\">\n\t\t\t\t\t<div class=\"elementor-column elementor-col-50 elementor-top-column elementor-element elementor-element-4fd7be9\" data-id=\"4fd7be9\" data-element_type=\"column\" data-e-type=\"column\">\n\t\t\t<div class=\"elementor-widget-wrap elementor-element-populated\">\n\t\t\t\t\t\t<div class=\"elementor-element elementor-element-9180795 elementor-position-inline-start elementor-view-default elementor-mobile-position-block-start elementor-widget elementor-widget-icon-box\" data-id=\"9180795\" data-element_type=\"widget\" data-e-type=\"widget\" data-widget_type=\"icon-box.default\">\n\t\t\t\t<div class=\"elementor-widget-container\">\n\t\t\t\t\t\t\t<div class=\"elementor-icon-box-wrapper\">\n\n\t\t\t\t\t\t<div class=\"elementor-icon-box-icon\">\n\t\t\t\t<span  class=\"elementor-icon\">\n\t\t\t\t<i class=\"fa fa-tags\" aria-hidden=\"true\"><\/i>\t\t\t\t<\/span>\n\t\t\t<\/div>\n\t\t\t\n\t\t\t\t\t\t<div class=\"elementor-icon-box-content\">\n\n\t\t\t\t\t\t\t\t\t<h3 class=\"elementor-icon-box-title\">\n\t\t\t\t\t\t<span  >\n\t\t\t\t\t\t\t\u5b78\u8853\u6d3b\u52d5\u53c3\u8207\t\t\t\t\t\t<\/span>\n\t\t\t\t\t<\/h3>\n\t\t\t\t\n\t\t\t\t\n\t\t\t<\/div>\n\t\t\t\n\t\t<\/div>\n\t\t\t\t\t\t<\/div>\n\t\t\t\t<\/div>\n\t\t\t\t<div class=\"elementor-element elementor-element-0d8bab0 elementor-widget elementor-widget-text-editor\" data-id=\"0d8bab0\" data-element_type=\"widget\" data-e-type=\"widget\" data-widget_type=\"text-editor.default\">\n\t\t\t\t<div class=\"elementor-widget-container\">\n\t\t\t\t\t\t\t\t\t<ul><li><a href=\"https:\/\/www.tcll.ntnu.edu.tw\/wp-content\/uploads\/2025\/09\/down_phdma_ac_record_2025.odt\" target=\"_blank\" rel=\"noopener\">\u5b78\u8853\u6d3b\u52d5\u53c3\u8207\u7d00\u9304\u8868(114\u5b78\u5e74\u5ea6\u8d77\u5165\u5b78\u8005\u9069\u7528)<\/a><\/li><li><a href=\"https:\/\/www.tcll.ntnu.edu.tw\/wp-content\/uploads\/2023\/10\/down_phdma_ac_record_2023.odt\" target=\"_blank\" rel=\"noopener\">\u5b78\u8853\u6d3b\u52d5\u53c3\u8207\u7d00\u9304\u8868(112\u5b78\u5e74\u5ea6\u5165\u5b78\u8005\u9069\u7528)<\/a><\/li><li><a href=\"https:\/\/www.tcll.ntnu.edu.tw\/wp-content\/uploads\/2023\/09\/down_phdma_ac_record.odt\" target=\"_blank\" rel=\"noopener\">\u5b78\u8853\u6d3b\u52d5\u53c3\u8207\u7d00\u9304\u8868(111\u5b78\u5e74\u5ea6\u524d(\u542b)\u5165\u5b78\u8005\u9069\u7528)<\/a><\/li><\/ul>\t\t\t\t\t\t\t\t<\/div>\n\t\t\t\t<\/div>\n\t\t\t\t<div class=\"elementor-element elementor-element-c350108 elementor-position-inline-start elementor-view-default elementor-mobile-position-block-start elementor-widget elementor-widget-icon-box\" data-id=\"c350108\" data-element_type=\"widget\" data-e-type=\"widget\" data-widget_type=\"icon-box.default\">\n\t\t\t\t<div class=\"elementor-widget-container\">\n\t\t\t\t\t\t\t<div class=\"elementor-icon-box-wrapper\">\n\n\t\t\t\t\t\t<div class=\"elementor-icon-box-icon\">\n\t\t\t\t<span  class=\"elementor-icon\">\n\t\t\t\t<i aria-hidden=\"true\" class=\"fas fa-tags\"><\/i>\t\t\t\t<\/span>\n\t\t\t<\/div>\n\t\t\t\n\t\t\t\t\t\t<div class=\"elementor-icon-box-content\">\n\n\t\t\t\t\t\t\t\t\t<h3 class=\"elementor-icon-box-title\">\n\t\t\t\t\t\t<span  >\n\t\t\t\t\t\t\t\u8de8\u6821\u6240\u9078\u4fee\t\t\t\t\t\t<\/span>\n\t\t\t\t\t<\/h3>\n\t\t\t\t\n\t\t\t\t\n\t\t\t<\/div>\n\t\t\t\n\t\t<\/div>\n\t\t\t\t\t\t<\/div>\n\t\t\t\t<\/div>\n\t\t\t\t<div class=\"elementor-element elementor-element-587017c elementor-widget elementor-widget-text-editor\" data-id=\"587017c\" data-element_type=\"widget\" data-e-type=\"widget\" data-widget_type=\"text-editor.default\">\n\t\t\t\t<div class=\"elementor-widget-container\">\n\t\t\t\t\t\t\t\t\t<ul><li><a href=\"https:\/\/www.tcll.ntnu.edu.tw\/wp-content\/uploads\/2021\/06\/down_phd_5_01.odt\" target=\"_blank\" rel=\"noopener\">\u535a\u58eb\u73ed\u8de8\u6821\u6240\u9078\u4fee\u5b78\u5206\u63a1\u8a08\u7533\u8acb\u8868<\/a><\/li><\/ul>\t\t\t\t\t\t\t\t<\/div>\n\t\t\t\t<\/div>\n\t\t\t\t\t<\/div>\n\t\t<\/div>\n\t\t\t\t<div class=\"elementor-column elementor-col-50 elementor-top-column elementor-element elementor-element-4677ae1\" data-id=\"4677ae1\" data-element_type=\"column\" data-e-type=\"column\">\n\t\t\t<div class=\"elementor-widget-wrap\">\n\t\t\t\t\t\t\t<\/div>\n\t\t<\/div>\n\t\t\t\t\t<\/div>\n\t\t<\/section>\n\t\t\t\t<\/div>\n\t\t","protected":false},"excerpt":{"rendered":"<p>\u535a\u58eb\u73ed\u6a94\u6848\u4e0b\u8f09 Phok-s\u016b-pan T\u00f3ng-\u00e0n H\u0101-ts\u00e0i \u535a\u58eb\u8cc7\u683c\u8003 \u535a\u58eb\u73ed\u8cc7\u683c\u8003\u6d41\u7a0b\u5716\u793a \u535a\u58eb [&hellip;]<\/p>\n","protected":false},"author":1,"featured_media":0,"parent":5984,"menu_order":0,"comment_status":"closed","ping_status":"closed","template":"","meta":{"ocean_post_layout":"left-sidebar","ocean_both_sidebars_style":"","ocean_both_sidebars_content_width":0,"ocean_both_sidebars_sidebars_width":0,"ocean_sidebar":"sidebar-6","ocean_second_sidebar":"0","ocean_disable_margins":"enable","ocean_add_body_class":"","ocean_shortcode_before_top_bar":"","ocean_shortcode_after_top_bar":"","ocean_shortcode_before_header":"","ocean_shortcode_after_header":"","ocean_has_shortcode":"","ocean_shortcode_after_title":"","ocean_shortcode_before_footer_widgets":"","ocean_shortcode_after_footer_widgets":"","ocean_shortcode_before_footer_bottom":"","ocean_shortcode_after_footer_bottom":"","ocean_display_top_bar":"default","ocean_display_header":"default","ocean_header_style":"","ocean_center_header_left_menu":"0","ocean_custom_header_template":"0","ocean_custom_logo":0,"ocean_custom_retina_logo":0,"ocean_custom_logo_max_width":0,"ocean_custom_logo_tablet_max_width":0,"ocean_custom_logo_mobile_max_width":0,"ocean_custom_logo_max_height":0,"ocean_custom_logo_tablet_max_height":0,"ocean_custom_logo_mobile_max_height":0,"ocean_header_custom_menu":"0","ocean_menu_typo_font_family":"0","ocean_menu_typo_font_subset":"","ocean_menu_typo_font_size":0,"ocean_menu_typo_font_size_tablet":0,"ocean_menu_typo_font_size_mobile":0,"ocean_menu_typo_font_size_unit":"px","ocean_menu_typo_font_weight":"","ocean_menu_typo_font_weight_tablet":"","ocean_menu_typo_font_weight_mobile":"","ocean_menu_typo_transform":"","ocean_menu_typo_transform_tablet":"","ocean_menu_typo_transform_mobile":"","ocean_menu_typo_line_height":0,"ocean_menu_typo_line_height_tablet":0,"ocean_menu_typo_line_height_mobile":0,"ocean_menu_typo_line_height_unit":"","ocean_menu_typo_spacing":0,"ocean_menu_typo_spacing_tablet":0,"ocean_menu_typo_spacing_mobile":0,"ocean_menu_typo_spacing_unit":"","ocean_menu_link_color":"","ocean_menu_link_color_hover":"","ocean_menu_link_color_active":"","ocean_menu_link_background":"","ocean_menu_link_hover_background":"","ocean_menu_link_active_background":"","ocean_menu_social_links_bg":"","ocean_menu_social_hover_links_bg":"","ocean_menu_social_links_color":"","ocean_menu_social_hover_links_color":"","ocean_disable_title":"default","ocean_disable_heading":"default","ocean_post_title":"","ocean_post_subheading":"","ocean_post_title_style":"","ocean_post_title_background_color":"","ocean_post_title_background":0,"ocean_post_title_bg_image_position":"","ocean_post_title_bg_image_attachment":"","ocean_post_title_bg_image_repeat":"","ocean_post_title_bg_image_size":"","ocean_post_title_height":0,"ocean_post_title_bg_overlay":0.5,"ocean_post_title_bg_overlay_color":"","ocean_disable_breadcrumbs":"default","ocean_breadcrumbs_color":"","ocean_breadcrumbs_separator_color":"","ocean_breadcrumbs_links_color":"","ocean_breadcrumbs_links_hover_color":"","ocean_display_footer_widgets":"default","ocean_display_footer_bottom":"default","ocean_custom_footer_template":"0","footnotes":""},"class_list":["post-4023","page","type-page","status-publish","hentry","entry"],"_links":{"self":[{"href":"https:\/\/www.tcll.ntnu.edu.tw\/index.php\/wp-json\/wp\/v2\/pages\/4023","targetHints":{"allow":["GET"]}}],"collection":[{"href":"https:\/\/www.tcll.ntnu.edu.tw\/index.php\/wp-json\/wp\/v2\/pages"}],"about":[{"href":"https:\/\/www.tcll.ntnu.edu.tw\/index.php\/wp-json\/wp\/v2\/types\/page"}],"author":[{"embeddable":true,"href":"https:\/\/www.tcll.ntnu.edu.tw\/index.php\/wp-json\/wp\/v2\/users\/1"}],"replies":[{"embeddable":true,"href":"https:\/\/www.tcll.ntnu.edu.tw\/index.php\/wp-json\/wp\/v2\/comments?post=4023"}],"version-history":[{"count":180,"href":"https:\/\/www.tcll.ntnu.edu.tw\/index.php\/wp-json\/wp\/v2\/pages\/4023\/revisions"}],"predecessor-version":[{"id":16869,"href":"https:\/\/www.tcll.ntnu.edu.tw\/index.php\/wp-json\/wp\/v2\/pages\/4023\/revisions\/16869"}],"up":[{"embeddable":true,"href":"https:\/\/www.tcll.ntnu.edu.tw\/index.php\/wp-json\/wp\/v2\/pages\/5984"}],"wp:attachment":[{"href":"https:\/\/www.tcll.ntnu.edu.tw\/index.php\/wp-json\/wp\/v2\/media?parent=4023"}],"curies":[{"name":"wp","href":"https:\/\/api.w.org\/{rel}","templated":true}]}}