{"id":6132,"date":"2020-10-22T21:14:08","date_gmt":"2020-10-22T13:14:08","guid":{"rendered":"http:\/\/140.122.64.119\/tcll\/?page_id=6132"},"modified":"2025-06-12T18:44:20","modified_gmt":"2025-06-12T10:44:20","slug":"common","status":"publish","type":"page","link":"https:\/\/www.tcll.ntnu.edu.tw\/index.php\/relevantinfo\/download\/common\/","title":{"rendered":"\u5171\u7528\u6a94\u5340"},"content":{"rendered":"\t\t<div data-elementor-type=\"wp-post\" data-elementor-id=\"6132\" class=\"elementor elementor-6132\">\n\t\t\t\t\t\t<section class=\"elementor-section elementor-top-section elementor-element elementor-element-285da5d2 elementor-section-boxed elementor-section-height-default elementor-section-height-default\" data-id=\"285da5d2\" data-element_type=\"section\" data-e-type=\"section\">\n\t\t\t\t\t\t<div class=\"elementor-container elementor-column-gap-default\">\n\t\t\t\t\t<div class=\"elementor-column elementor-col-100 elementor-top-column elementor-element elementor-element-2be88cb2\" data-id=\"2be88cb2\" data-element_type=\"column\" data-e-type=\"column\">\n\t\t\t<div class=\"elementor-widget-wrap elementor-element-populated\">\n\t\t\t\t\t\t<div class=\"elementor-element elementor-element-393d8523 elementor-widget elementor-widget-heading\" data-id=\"393d8523\" data-element_type=\"widget\" data-e-type=\"widget\" data-widget_type=\"heading.default\">\n\t\t\t\t<div class=\"elementor-widget-container\">\n\t\t\t\t\t<h2 class=\"elementor-heading-title elementor-size-default\">\u5171\u7528\u6a94\u6848\u4e0b\u8f09 Thong-i\u014dng T\u00f3ng-\u00e0n H\u0101-ts\u00e0i\n<\/h2>\t\t\t\t<\/div>\n\t\t\t\t<\/div>\n\t\t\t\t<div class=\"elementor-element elementor-element-60769aad elementor-widget-divider--view-line elementor-widget elementor-widget-divider\" data-id=\"60769aad\" data-element_type=\"widget\" data-e-type=\"widget\" data-widget_type=\"divider.default\">\n\t\t\t\t<div class=\"elementor-widget-container\">\n\t\t\t\t\t\t\t<div class=\"elementor-divider\">\n\t\t\t<span class=\"elementor-divider-separator\">\n\t\t\t\t\t\t<\/span>\n\t\t<\/div>\n\t\t\t\t\t\t<\/div>\n\t\t\t\t<\/div>\n\t\t\t\t\t<\/div>\n\t\t<\/div>\n\t\t\t\t\t<\/div>\n\t\t<\/section>\n\t\t\t\t<section class=\"elementor-section elementor-top-section elementor-element elementor-element-43af72d1 elementor-section-boxed elementor-section-height-default elementor-section-height-default\" data-id=\"43af72d1\" data-element_type=\"section\" data-e-type=\"section\">\n\t\t\t\t\t\t<div class=\"elementor-container elementor-column-gap-default\">\n\t\t\t\t\t<div class=\"elementor-column elementor-col-100 elementor-top-column elementor-element elementor-element-5521173a\" data-id=\"5521173a\" data-element_type=\"column\" data-e-type=\"column\">\n\t\t\t<div class=\"elementor-widget-wrap elementor-element-populated\">\n\t\t\t\t\t\t<div class=\"elementor-element elementor-element-3a30834c elementor-position-inline-start elementor-view-default elementor-mobile-position-block-start elementor-widget elementor-widget-icon-box\" data-id=\"3a30834c\" data-element_type=\"widget\" data-e-type=\"widget\" data-widget_type=\"icon-box.default\">\n\t\t\t\t<div class=\"elementor-widget-container\">\n\t\t\t\t\t\t\t<div class=\"elementor-icon-box-wrapper\">\n\n\t\t\t\t\t\t<div class=\"elementor-icon-box-icon\">\n\t\t\t\t<span  class=\"elementor-icon\">\n\t\t\t\t<i class=\"fa fa-tags\" aria-hidden=\"true\"><\/i>\t\t\t\t<\/span>\n\t\t\t<\/div>\n\t\t\t\n\t\t\t\t\t\t<div class=\"elementor-icon-box-content\">\n\n\t\t\t\t\t\t\t\t\t<h3 class=\"elementor-icon-box-title\">\n\t\t\t\t\t\t<span  >\n\t\t\t\t\t\t\t\u7279\u8272\u767c\u5c55\u734e\u52a9\u5b78\u91d1\t\t\t\t\t\t<\/span>\n\t\t\t\t\t<\/h3>\n\t\t\t\t\n\t\t\t\t\n\t\t\t<\/div>\n\t\t\t\n\t\t<\/div>\n\t\t\t\t\t\t<\/div>\n\t\t\t\t<\/div>\n\t\t\t\t<div class=\"elementor-element elementor-element-63ef55d2 elementor-widget elementor-widget-text-editor\" data-id=\"63ef55d2\" data-element_type=\"widget\" data-e-type=\"widget\" data-widget_type=\"text-editor.default\">\n\t\t\t\t<div class=\"elementor-widget-container\">\n\t\t\t\t\t\t\t\t\t<ul><li><a href=\"https:\/\/www.tcll.ntnu.edu.tw\/wp-content\/uploads\/2024\/03\/down_common_1_01.odt\" target=\"_blank\" rel=\"noopener\">\u53f0\u6587\u7cfb\u7279\u8272\u767c\u5c55\u734e\u52a9\u5b78\u91d1\u6210\u679c\u5831\u544a\u66f8\uff08\u4e00\u6b21\u6027\u5b78\u7fd2\u6d3b\u52d5\uff09<\/a><\/li><li><a href=\"https:\/\/www.tcll.ntnu.edu.tw\/wp-content\/uploads\/2024\/03\/down_common_1_02.odt\" target=\"_blank\" rel=\"noopener\">\u53f0\u6587\u7cfb\u7279\u8272\u767c\u5c55\u734e\u52a9\u5b78\u91d1\u6210\u679c\u5831\u544a\u66f8\uff08\u8b80\u66f8\u6703\u7b49\u7cfb\u5217\u6d3b\u52d5\uff09<\/a><\/li><li><a href=\"https:\/\/www.tcll.ntnu.edu.tw\/wp-content\/uploads\/2023\/03\/co-agreement.odt\" target=\"_blank\" rel=\"noopener\">\u53f0\u6587\u7cfb\u7279\u8272\u767c\u5c55\u734e\u52a9\u5b78\u91d1\u5408\u4f5c\u6210\u54e1\u540c\u610f\u66f8<\/a><\/li><\/ul>\t\t\t\t\t\t\t\t<\/div>\n\t\t\t\t<\/div>\n\t\t\t\t<div class=\"elementor-element elementor-element-c11582e elementor-widget elementor-widget-spacer\" data-id=\"c11582e\" data-element_type=\"widget\" data-e-type=\"widget\" data-widget_type=\"spacer.default\">\n\t\t\t\t<div class=\"elementor-widget-container\">\n\t\t\t\t\t\t\t<div class=\"elementor-spacer\">\n\t\t\t<div class=\"elementor-spacer-inner\"><\/div>\n\t\t<\/div>\n\t\t\t\t\t\t<\/div>\n\t\t\t\t<\/div>\n\t\t\t\t<div class=\"elementor-element elementor-element-40a5f3d5 elementor-position-inline-start elementor-view-default elementor-mobile-position-block-start elementor-widget elementor-widget-icon-box\" data-id=\"40a5f3d5\" data-element_type=\"widget\" data-e-type=\"widget\" data-widget_type=\"icon-box.default\">\n\t\t\t\t<div class=\"elementor-widget-container\">\n\t\t\t\t\t\t\t<div class=\"elementor-icon-box-wrapper\">\n\n\t\t\t\t\t\t<div class=\"elementor-icon-box-icon\">\n\t\t\t\t<span  class=\"elementor-icon\">\n\t\t\t\t<i class=\"fa fa-tags\" aria-hidden=\"true\"><\/i>\t\t\t\t<\/span>\n\t\t\t<\/div>\n\t\t\t\n\t\t\t\t\t\t<div class=\"elementor-icon-box-content\">\n\n\t\t\t\t\t\t\t\t\t<h3 class=\"elementor-icon-box-title\">\n\t\t\t\t\t\t<span  >\n\t\t\t\t\t\t\t\u751f\u6d3b\u52a9\u5b78\u91d1\t\t\t\t\t\t<\/span>\n\t\t\t\t\t<\/h3>\n\t\t\t\t\n\t\t\t\t\n\t\t\t<\/div>\n\t\t\t\n\t\t<\/div>\n\t\t\t\t\t\t<\/div>\n\t\t\t\t<\/div>\n\t\t\t\t<div class=\"elementor-element elementor-element-585964e4 elementor-widget elementor-widget-text-editor\" data-id=\"585964e4\" data-element_type=\"widget\" data-e-type=\"widget\" data-widget_type=\"text-editor.default\">\n\t\t\t\t<div class=\"elementor-widget-container\">\n\t\t\t\t\t\t\t\t\t<ul><li><a href=\"https:\/\/www.tcll.ntnu.edu.tw\/wp-content\/uploads\/2025\/02\/down_common_2_04.odt\" target=\"_blank\" rel=\"noopener\">\u53f0\u6587\u7cfb\u751f\u6d3b\u670d\u52d9\u5b78\u7fd2\u5354\u8b70\u66f8<\/a><\/li><li><a href=\"https:\/\/www.tcll.ntnu.edu.tw\/wp-content\/uploads\/2025\/02\/down_common_2_05.odt\" target=\"_blank\" rel=\"noopener\">\u53f0\u6587\u7cfb\u751f\u6d3b\u52a9\u5b78\u91d1\u670d\u52d9\u5b78\u7fd2\u7d00\u9304\u8868<\/a><\/li><\/ul>\t\t\t\t\t\t\t\t<\/div>\n\t\t\t\t<\/div>\n\t\t\t\t<div class=\"elementor-element elementor-element-f305d4b elementor-widget elementor-widget-spacer\" data-id=\"f305d4b\" data-element_type=\"widget\" data-e-type=\"widget\" data-widget_type=\"spacer.default\">\n\t\t\t\t<div class=\"elementor-widget-container\">\n\t\t\t\t\t\t\t<div class=\"elementor-spacer\">\n\t\t\t<div class=\"elementor-spacer-inner\"><\/div>\n\t\t<\/div>\n\t\t\t\t\t\t<\/div>\n\t\t\t\t<\/div>\n\t\t\t\t<div class=\"elementor-element elementor-element-3ea744c elementor-position-inline-start elementor-view-default elementor-mobile-position-block-start elementor-widget elementor-widget-icon-box\" data-id=\"3ea744c\" data-element_type=\"widget\" data-e-type=\"widget\" data-widget_type=\"icon-box.default\">\n\t\t\t\t<div class=\"elementor-widget-container\">\n\t\t\t\t\t\t\t<div class=\"elementor-icon-box-wrapper\">\n\n\t\t\t\t\t\t<div class=\"elementor-icon-box-icon\">\n\t\t\t\t<span  class=\"elementor-icon\">\n\t\t\t\t<i class=\"fa fa-tags\" aria-hidden=\"true\"><\/i>\t\t\t\t<\/span>\n\t\t\t<\/div>\n\t\t\t\n\t\t\t\t\t\t<div class=\"elementor-icon-box-content\">\n\n\t\t\t\t\t\t\t\t\t<h3 class=\"elementor-icon-box-title\">\n\t\t\t\t\t\t<span  >\n\t\t\t\t\t\t\t\u5c08\u696d\u5be6\u7fd2\t\t\t\t\t\t<\/span>\n\t\t\t\t\t<\/h3>\n\t\t\t\t\n\t\t\t\t\n\t\t\t<\/div>\n\t\t\t\n\t\t<\/div>\n\t\t\t\t\t\t<\/div>\n\t\t\t\t<\/div>\n\t\t\t\t<div class=\"elementor-element elementor-element-4d5d4a39 elementor-widget elementor-widget-text-editor\" data-id=\"4d5d4a39\" data-element_type=\"widget\" data-e-type=\"widget\" data-widget_type=\"text-editor.default\">\n\t\t\t\t<div class=\"elementor-widget-container\">\n\t\t\t\t\t\t\t\t\t<ul><li><a href=\"https:\/\/www.tcll.ntnu.edu.tw\/wp-content\/uploads\/2024\/05\/down_common_3_01.odt\" target=\"_blank\" rel=\"noopener\">\u5b78\u751f\u81ea\u6d3d\u6821\u5916\u5be6\u7fd2\u55ae\u4f4d\u7533\u8acb\u8868\u66a8\u5be6\u7fd2\u55ae\u4f4d\u540c\u610f\u66f8<\/a><\/li><li><a href=\"https:\/\/www.tcll.ntnu.edu.tw\/wp-content\/uploads\/2025\/06\/down_common_3_03.odt\" target=\"_blank\" rel=\"noopener\">\u5c08\u696d\u5be6\u7fd2\u8a08\u756b\u66f8<\/a><\/li><li><a href=\"https:\/\/www.tcll.ntnu.edu.tw\/wp-content\/uploads\/2025\/02\/down_common_3_04.odt\" target=\"_blank\" rel=\"noopener\">\u5c08\u696d\u5be6\u7fd2\u8a2a\u8996\u7d00\u9304\u8868<\/a><\/li><li><a href=\"https:\/\/www.tcll.ntnu.edu.tw\/wp-content\/uploads\/2024\/06\/down_common_3_02.odt\" target=\"_blank\" rel=\"noopener\">\u5c08\u696d\u5be6\u7fd2\u671f\u672b\u5831\u544a\u66a8\u5be6\u7fd2\u55ae\u4f4d\u8a55\u6838\u8868<\/a><\/li><li><a href=\"https:\/\/www.tcll.ntnu.edu.tw\/wp-content\/uploads\/2025\/06\/down_common_3_05.odt\" target=\"_blank\" rel=\"noopener\">\u5c08\u696d\u5be6\u7fd2\u5b78\u751f\u4e0d\u9069\u61c9\u8f14\u5c0e\u7d00\u9304\u8868<\/a><\/li><\/ul>\t\t\t\t\t\t\t\t<\/div>\n\t\t\t\t<\/div>\n\t\t\t\t\t<\/div>\n\t\t<\/div>\n\t\t\t\t\t<\/div>\n\t\t<\/section>\n\t\t\t\t<\/div>\n\t\t","protected":false},"excerpt":{"rendered":"<p>\u5171\u7528\u6a94\u6848\u4e0b\u8f09 Thong-i\u014dng T\u00f3ng-\u00e0n H\u0101-ts\u00e0i \u7279\u8272\u767c\u5c55\u734e\u52a9\u5b78\u91d1 \u53f0\u6587\u7cfb\u7279\u8272\u767c\u5c55\u734e\u52a9\u5b78\u91d1\u6210 [&hellip;]<\/p>\n","protected":false},"author":2,"featured_media":0,"parent":5984,"menu_order":0,"comment_status":"closed","ping_status":"closed","template":"","meta":{"ocean_post_layout":"left-sidebar","ocean_both_sidebars_style":"","ocean_both_sidebars_content_width":0,"ocean_both_sidebars_sidebars_width":0,"ocean_sidebar":"sidebar-6","ocean_second_sidebar":"0","ocean_disable_margins":"enable","ocean_add_body_class":"","ocean_shortcode_before_top_bar":"","ocean_shortcode_after_top_bar":"","ocean_shortcode_before_header":"","ocean_shortcode_after_header":"","ocean_has_shortcode":"","ocean_shortcode_after_title":"","ocean_shortcode_before_footer_widgets":"","ocean_shortcode_after_footer_widgets":"","ocean_shortcode_before_footer_bottom":"","ocean_shortcode_after_footer_bottom":"","ocean_display_top_bar":"default","ocean_display_header":"default","ocean_header_style":"","ocean_center_header_left_menu":"0","ocean_custom_header_template":"0","ocean_custom_logo":0,"ocean_custom_retina_logo":0,"ocean_custom_logo_max_width":0,"ocean_custom_logo_tablet_max_width":0,"ocean_custom_logo_mobile_max_width":0,"ocean_custom_logo_max_height":0,"ocean_custom_logo_tablet_max_height":0,"ocean_custom_logo_mobile_max_height":0,"ocean_header_custom_menu":"0","ocean_menu_typo_font_family":"0","ocean_menu_typo_font_subset":"","ocean_menu_typo_font_size":0,"ocean_menu_typo_font_size_tablet":0,"ocean_menu_typo_font_size_mobile":0,"ocean_menu_typo_font_size_unit":"px","ocean_menu_typo_font_weight":"","ocean_menu_typo_font_weight_tablet":"","ocean_menu_typo_font_weight_mobile":"","ocean_menu_typo_transform":"","ocean_menu_typo_transform_tablet":"","ocean_menu_typo_transform_mobile":"","ocean_menu_typo_line_height":0,"ocean_menu_typo_line_height_tablet":0,"ocean_menu_typo_line_height_mobile":0,"ocean_menu_typo_line_height_unit":"","ocean_menu_typo_spacing":0,"ocean_menu_typo_spacing_tablet":0,"ocean_menu_typo_spacing_mobile":0,"ocean_menu_typo_spacing_unit":"","ocean_menu_link_color":"","ocean_menu_link_color_hover":"","ocean_menu_link_color_active":"","ocean_menu_link_background":"","ocean_menu_link_hover_background":"","ocean_menu_link_active_background":"","ocean_menu_social_links_bg":"","ocean_menu_social_hover_links_bg":"","ocean_menu_social_links_color":"","ocean_menu_social_hover_links_color":"","ocean_disable_title":"default","ocean_disable_heading":"default","ocean_post_title":"","ocean_post_subheading":"","ocean_post_title_style":"","ocean_post_title_background_color":"","ocean_post_title_background":0,"ocean_post_title_bg_image_position":"","ocean_post_title_bg_image_attachment":"","ocean_post_title_bg_image_repeat":"","ocean_post_title_bg_image_size":"","ocean_post_title_height":0,"ocean_post_title_bg_overlay":0.5,"ocean_post_title_bg_overlay_color":"","ocean_disable_breadcrumbs":"default","ocean_breadcrumbs_color":"","ocean_breadcrumbs_separator_color":"","ocean_breadcrumbs_links_color":"","ocean_breadcrumbs_links_hover_color":"","ocean_display_footer_widgets":"default","ocean_display_footer_bottom":"default","ocean_custom_footer_template":"0","footnotes":""},"class_list":["post-6132","page","type-page","status-publish","hentry","entry"],"_links":{"self":[{"href":"https:\/\/www.tcll.ntnu.edu.tw\/index.php\/wp-json\/wp\/v2\/pages\/6132","targetHints":{"allow":["GET"]}}],"collection":[{"href":"https:\/\/www.tcll.ntnu.edu.tw\/index.php\/wp-json\/wp\/v2\/pages"}],"about":[{"href":"https:\/\/www.tcll.ntnu.edu.tw\/index.php\/wp-json\/wp\/v2\/types\/page"}],"author":[{"embeddable":true,"href":"https:\/\/www.tcll.ntnu.edu.tw\/index.php\/wp-json\/wp\/v2\/users\/2"}],"replies":[{"embeddable":true,"href":"https:\/\/www.tcll.ntnu.edu.tw\/index.php\/wp-json\/wp\/v2\/comments?post=6132"}],"version-history":[{"count":97,"href":"https:\/\/www.tcll.ntnu.edu.tw\/index.php\/wp-json\/wp\/v2\/pages\/6132\/revisions"}],"predecessor-version":[{"id":15787,"href":"https:\/\/www.tcll.ntnu.edu.tw\/index.php\/wp-json\/wp\/v2\/pages\/6132\/revisions\/15787"}],"up":[{"embeddable":true,"href":"https:\/\/www.tcll.ntnu.edu.tw\/index.php\/wp-json\/wp\/v2\/pages\/5984"}],"wp:attachment":[{"href":"https:\/\/www.tcll.ntnu.edu.tw\/index.php\/wp-json\/wp\/v2\/media?parent=6132"}],"curies":[{"name":"wp","href":"https:\/\/api.w.org\/{rel}","templated":true}]}}