{"id":6342,"date":"2020-11-08T00:07:22","date_gmt":"2020-11-07T16:07:22","guid":{"rendered":"http:\/\/140.122.64.119\/tcll\/?page_id=6342"},"modified":"2026-01-08T17:45:43","modified_gmt":"2026-01-08T09:45:43","slug":"digiarchive","status":"publish","type":"page","link":"https:\/\/www.tcll.ntnu.edu.tw\/index.php\/archive\/digiarchive\/","title":{"rendered":"\u6578\u4f4d\u5178\u85cf"},"content":{"rendered":"\t\t<div data-elementor-type=\"wp-post\" data-elementor-id=\"6342\" class=\"elementor elementor-6342\">\n\t\t\t\t\t\t<section class=\"elementor-section elementor-top-section elementor-element elementor-element-ac57256 elementor-section-boxed elementor-section-height-default elementor-section-height-default\" data-id=\"ac57256\" data-element_type=\"section\" data-e-type=\"section\">\n\t\t\t\t\t\t<div class=\"elementor-container elementor-column-gap-default\">\n\t\t\t\t\t<div class=\"elementor-column elementor-col-100 elementor-top-column elementor-element elementor-element-d186fce\" data-id=\"d186fce\" data-element_type=\"column\" data-e-type=\"column\">\n\t\t\t<div class=\"elementor-widget-wrap elementor-element-populated\">\n\t\t\t\t\t\t<div class=\"elementor-element elementor-element-4b63ef3 elementor-widget elementor-widget-heading\" data-id=\"4b63ef3\" data-element_type=\"widget\" data-e-type=\"widget\" data-widget_type=\"heading.default\">\n\t\t\t\t<div class=\"elementor-widget-container\">\n\t\t\t\t\t<h2 class=\"elementor-heading-title elementor-size-default\">\u6578\u4f4d\u5178\u85cf\u8a08\u756b\u8207\u7db2\u7ad9 S\u00f2o-u\u012b Ti\u00e1n-ts\u00f4ng K\u00e8-u\u0113 kap B\u0101ng-ts\u0101m<\/h2>\t\t\t\t<\/div>\n\t\t\t\t<\/div>\n\t\t\t\t\t<\/div>\n\t\t<\/div>\n\t\t\t\t\t<\/div>\n\t\t<\/section>\n\t\t\t\t<section class=\"elementor-section elementor-top-section elementor-element elementor-element-7ac8f29 elementor-section-boxed elementor-section-height-default elementor-section-height-default\" data-id=\"7ac8f29\" data-element_type=\"section\" data-e-type=\"section\">\n\t\t\t\t\t\t<div class=\"elementor-container elementor-column-gap-default\">\n\t\t\t\t\t<div class=\"elementor-column elementor-col-100 elementor-top-column elementor-element elementor-element-564c319\" data-id=\"564c319\" data-element_type=\"column\" data-e-type=\"column\">\n\t\t\t<div class=\"elementor-widget-wrap elementor-element-populated\">\n\t\t\t\t\t\t<div class=\"elementor-element elementor-element-e846f2b elementor-widget elementor-widget-menu-anchor\" data-id=\"e846f2b\" data-element_type=\"widget\" data-e-type=\"widget\" data-widget_type=\"menu-anchor.default\">\n\t\t\t\t<div class=\"elementor-widget-container\">\n\t\t\t\t\t\t\t<div class=\"elementor-menu-anchor\" id=\"one\"><\/div>\n\t\t\t\t\t\t<\/div>\n\t\t\t\t<\/div>\n\t\t\t\t<div class=\"elementor-element elementor-element-f17f129 elementor-widget-divider--view-line elementor-widget elementor-widget-divider\" data-id=\"f17f129\" data-element_type=\"widget\" data-e-type=\"widget\" data-widget_type=\"divider.default\">\n\t\t\t\t<div class=\"elementor-widget-container\">\n\t\t\t\t\t\t\t<div class=\"elementor-divider\">\n\t\t\t<span class=\"elementor-divider-separator\">\n\t\t\t\t\t\t<\/span>\n\t\t<\/div>\n\t\t\t\t\t\t<\/div>\n\t\t\t\t<\/div>\n\t\t\t\t\t<\/div>\n\t\t<\/div>\n\t\t\t\t\t<\/div>\n\t\t<\/section>\n\t\t\t\t<section class=\"elementor-section elementor-top-section elementor-element elementor-element-aac5d6a elementor-section-boxed elementor-section-height-default elementor-section-height-default\" data-id=\"aac5d6a\" data-element_type=\"section\" data-e-type=\"section\">\n\t\t\t\t\t\t<div class=\"elementor-container elementor-column-gap-default\">\n\t\t\t\t\t<div class=\"elementor-column elementor-col-33 elementor-top-column elementor-element elementor-element-fee95b2\" data-id=\"fee95b2\" data-element_type=\"column\" data-e-type=\"column\">\n\t\t\t<div class=\"elementor-widget-wrap elementor-element-populated\">\n\t\t\t\t\t\t<div class=\"elementor-element elementor-element-52332e0 elementor-position-top elementor-widget elementor-widget-image-box\" data-id=\"52332e0\" data-element_type=\"widget\" data-e-type=\"widget\" data-widget_type=\"image-box.default\">\n\t\t\t\t<div class=\"elementor-widget-container\">\n\t\t\t\t\t<div class=\"elementor-image-box-wrapper\"><figure class=\"elementor-image-box-img\"><a href=\"https:\/\/taigiddy.tcll.ntnu.edu.tw\/index.php\" target=\"_blank\" tabindex=\"-1\"><img fetchpriority=\"high\" decoding=\"async\" width=\"1297\" height=\"984\" src=\"https:\/\/www.tcll.ntnu.edu.tw\/wp-content\/uploads\/2025\/03\/TaiGiddy.png\" class=\"attachment-full size-full wp-image-15290\" alt=\"\" srcset=\"https:\/\/www.tcll.ntnu.edu.tw\/wp-content\/uploads\/2025\/03\/TaiGiddy.png 1297w, https:\/\/www.tcll.ntnu.edu.tw\/wp-content\/uploads\/2025\/03\/TaiGiddy-300x228.png 300w, https:\/\/www.tcll.ntnu.edu.tw\/wp-content\/uploads\/2025\/03\/TaiGiddy-1024x777.png 1024w, https:\/\/www.tcll.ntnu.edu.tw\/wp-content\/uploads\/2025\/03\/TaiGiddy-768x583.png 768w\" sizes=\"(max-width: 1297px) 100vw, 1297px\" \/><\/a><\/figure><div class=\"elementor-image-box-content\"><h2 class=\"elementor-image-box-title\"><a href=\"https:\/\/taigiddy.tcll.ntnu.edu.tw\/index.php\" target=\"_blank\">TaiGiddy<\/a><\/h2><p class=\"elementor-image-box-description\">\u672c\u7db2\u7ad9\u70ba\u4e92\u52d5\u904a\u6232\u5f0f\u53f0\u8a9e\u5b78\u7fd2\u7db2\u7ad9\uff0c\u63d0\u4f9b\u5168\u7403\u4f7f\u7528\u8005\u53f0\u8a9e\u5b78\u7fd2\u4e4b\u7ba1\u9053\u3002An interactive Taiwanese learning website for users from around the world to learn Taiwanese.<br>\n\u8a08\u5283\u4e3b\u6301\u4eba\uff1a\u5289\u627f\u8ce2\u8001\u5e2b<br>\nE-mail\uff1asenghian@ntnu.edu.tw<\/p><\/div><\/div>\t\t\t\t<\/div>\n\t\t\t\t<\/div>\n\t\t\t\t\t<\/div>\n\t\t<\/div>\n\t\t\t\t<div class=\"elementor-column elementor-col-33 elementor-top-column elementor-element elementor-element-e4e451e\" data-id=\"e4e451e\" data-element_type=\"column\" data-e-type=\"column\">\n\t\t\t<div class=\"elementor-widget-wrap elementor-element-populated\">\n\t\t\t\t\t\t<div class=\"elementor-element elementor-element-d1c8ad5 elementor-position-top elementor-widget elementor-widget-image-box\" data-id=\"d1c8ad5\" data-element_type=\"widget\" data-e-type=\"widget\" data-widget_type=\"image-box.default\">\n\t\t\t\t<div class=\"elementor-widget-container\">\n\t\t\t\t\t<div class=\"elementor-image-box-wrapper\"><figure class=\"elementor-image-box-img\"><a href=\"https:\/\/www.youtube.com\/@%E5%8F%B0%E8%AA%9E%E7%A7%91%E6%99%AEAboutTaiwanese\" target=\"_blank\" tabindex=\"-1\"><img decoding=\"async\" width=\"682\" height=\"382\" src=\"https:\/\/www.tcll.ntnu.edu.tw\/wp-content\/uploads\/2025\/03\/About-Taiwanese.png\" class=\"attachment-full size-full wp-image-15294\" alt=\"\" srcset=\"https:\/\/www.tcll.ntnu.edu.tw\/wp-content\/uploads\/2025\/03\/About-Taiwanese.png 682w, https:\/\/www.tcll.ntnu.edu.tw\/wp-content\/uploads\/2025\/03\/About-Taiwanese-300x168.png 300w\" sizes=\"(max-width: 682px) 100vw, 682px\" \/><\/a><\/figure><div class=\"elementor-image-box-content\"><h3 class=\"elementor-image-box-title\"><a href=\"https:\/\/www.youtube.com\/@%E5%8F%B0%E8%AA%9E%E7%A7%91%E6%99%AEAboutTaiwanese\" target=\"_blank\">\u53f0\u8a9e\u79d1\u666eYoutube\u983b\u9053<br>About Taiwanese<\/a><\/h3><p class=\"elementor-image-box-description\">\u672c\u983b\u9053\u4ee5\u7c21\u77ed\u3001\u6613\u61c2\u7684\u77e5\u8b58\u6027\u5f71\u7247\u805a\u7126\u65bc\u53f0\u8a9e\u76f8\u95dc\u7684\u793e\u6703\u8a9e\u8a00\u5b78\u8b70\u984c\uff0c\u63a2\u8a0e\u53f0\u8a9e\u5728\u7576\u524d\u53f0\u7063\u793e\u6703\u7684\u5730\u4f4d\u8207\u6240\u9762\u81e8\u7684\u56f0\u5883\uff0c\u81f4\u529b\u65bc\u63d0\u5347\u5927\u773e\u5c0d\u53f0\u8a9e\u8a9e\u8a00\u8655\u5883\u7684\u7406\u89e3\u8207\u95dc\u6ce8\u3002\u5f71\u7247\u4ee5\u53f0\u8a9e\u767c\u97f3\uff0c\u4e26\u63d0\u4f9b\u53f0\u8a9e\u3001\u82f1\u8a9e\u3001\u65e5\u8a9e\u3001\u6cd5\u8a9e\u8207\u83ef\u8a9e\u7b49\u591a\u8a9e\u5b57\u5e55\u3002<br>\n\u8a08\u5283\u4e3b\u6301\u4eba\uff1a\u8a31\u6167\u5982\u8001\u5e2b\n<br>\nE-mail\uff1ahsuhj@ntnu.edu.tw<\/p><\/div><\/div>\t\t\t\t<\/div>\n\t\t\t\t<\/div>\n\t\t\t\t\t<\/div>\n\t\t<\/div>\n\t\t\t\t<div class=\"elementor-column elementor-col-33 elementor-top-column elementor-element elementor-element-1e4dd80\" data-id=\"1e4dd80\" data-element_type=\"column\" data-e-type=\"column\">\n\t\t\t<div class=\"elementor-widget-wrap\">\n\t\t\t\t\t\t\t<\/div>\n\t\t<\/div>\n\t\t\t\t\t<\/div>\n\t\t<\/section>\n\t\t\t\t<section class=\"elementor-section elementor-top-section elementor-element elementor-element-326bc69 elementor-section-boxed elementor-section-height-default elementor-section-height-default\" data-id=\"326bc69\" data-element_type=\"section\" data-e-type=\"section\">\n\t\t\t\t\t\t<div class=\"elementor-container elementor-column-gap-default\">\n\t\t\t\t\t<div class=\"elementor-column elementor-col-100 elementor-top-column elementor-element elementor-element-ca20b47\" data-id=\"ca20b47\" data-element_type=\"column\" data-e-type=\"column\">\n\t\t\t<div class=\"elementor-widget-wrap elementor-element-populated\">\n\t\t\t\t\t\t<div class=\"elementor-element elementor-element-40a50fc elementor-widget elementor-widget-spacer\" data-id=\"40a50fc\" data-element_type=\"widget\" data-e-type=\"widget\" data-widget_type=\"spacer.default\">\n\t\t\t\t<div class=\"elementor-widget-container\">\n\t\t\t\t\t\t\t<div class=\"elementor-spacer\">\n\t\t\t<div class=\"elementor-spacer-inner\"><\/div>\n\t\t<\/div>\n\t\t\t\t\t\t<\/div>\n\t\t\t\t<\/div>\n\t\t\t\t\t<\/div>\n\t\t<\/div>\n\t\t\t\t\t<\/div>\n\t\t<\/section>\n\t\t\t\t<section class=\"elementor-section elementor-top-section elementor-element elementor-element-cd32f81 elementor-section-boxed elementor-section-height-default elementor-section-height-default\" data-id=\"cd32f81\" data-element_type=\"section\" data-e-type=\"section\">\n\t\t\t\t\t\t<div class=\"elementor-container elementor-column-gap-default\">\n\t\t\t\t\t<div class=\"elementor-column elementor-col-33 elementor-top-column elementor-element elementor-element-8fbbacd\" data-id=\"8fbbacd\" data-element_type=\"column\" data-e-type=\"column\">\n\t\t\t<div class=\"elementor-widget-wrap elementor-element-populated\">\n\t\t\t\t\t\t<div class=\"elementor-element elementor-element-d44ad61 elementor-position-top elementor-widget elementor-widget-image-box\" data-id=\"d44ad61\" data-element_type=\"widget\" data-e-type=\"widget\" data-widget_type=\"image-box.default\">\n\t\t\t\t<div class=\"elementor-widget-container\">\n\t\t\t\t\t<div class=\"elementor-image-box-wrapper\"><figure class=\"elementor-image-box-img\"><a href=\"https:\/\/pojbh.lib.ntnu.edu.tw\" target=\"_blank\" tabindex=\"-1\"><img decoding=\"async\" width=\"426\" height=\"378\" src=\"https:\/\/www.tcll.ntnu.edu.tw\/wp-content\/uploads\/2020\/12\/\u53f0\u7063\u767d\u8a71\u5b57\u6587\u737b\u9928.png\" class=\"attachment-full size-full wp-image-7669\" alt=\"\" srcset=\"https:\/\/www.tcll.ntnu.edu.tw\/wp-content\/uploads\/2020\/12\/\u53f0\u7063\u767d\u8a71\u5b57\u6587\u737b\u9928.png 426w, https:\/\/www.tcll.ntnu.edu.tw\/wp-content\/uploads\/2020\/12\/\u53f0\u7063\u767d\u8a71\u5b57\u6587\u737b\u9928-300x266.png 300w\" sizes=\"(max-width: 426px) 100vw, 426px\" \/><\/a><\/figure><div class=\"elementor-image-box-content\"><h2 class=\"elementor-image-box-title\"><a href=\"https:\/\/pojbh.lib.ntnu.edu.tw\" target=\"_blank\">\u53f0\u7063\u767d\u8a71\u5b57\u6587\u737b\u9928<\/a><\/h2><p class=\"elementor-image-box-description\">\u672c\u7db2\u7ad9\u70ba\u79d1\u6280\u90e8\u6578\u4f4d\u5178\u85cf\u570b\u5bb6\u578b\u79d1\u6280\u8a08\u5283\u300c\u53f0\u7063\u6559\u6703\u516c\u5831\uff081895-1969\uff09\u767d\u8a71\u5b57\u6587\u737b\u6578\u4f4d\u5178\u85cf\u8a08\u5283\u300d\u4e4b\u6210\u679c\uff0c\u5c07\u300a\u53f0\u7063\u6559\u6703\u516c\u5831\u300b\u4e2d\u4e4b\u6587\u5b78\u4f5c\u54c1\uff0c\u5305\u542b\u8b70\u8ad6\u6587\u8207\u5831\u5c0e\u6587\u5b78\u63c0\u9078\u51fa\u4f86\uff0c\u4e88\u4ee5\u6578\u4f4d\u5316\uff0c\u4ee5\u5145\u5be6\u53f0\u7063\u6587\u5b78\u4e4b\u6b77\u53f2\u8cea\u91cf\u3002<br>\n\u8a08\u5283\u4e3b\u6301\u4eba\uff1a\u674e\u52e4\u5cb8\u8001\u5e2b<br>\nE-mail\uff1akhinhuann@gmail.com<\/p><\/div><\/div>\t\t\t\t<\/div>\n\t\t\t\t<\/div>\n\t\t\t\t\t<\/div>\n\t\t<\/div>\n\t\t\t\t<div class=\"elementor-column elementor-col-33 elementor-top-column elementor-element elementor-element-fb5a388\" data-id=\"fb5a388\" data-element_type=\"column\" data-e-type=\"column\">\n\t\t\t<div class=\"elementor-widget-wrap elementor-element-populated\">\n\t\t\t\t\t\t<div class=\"elementor-element elementor-element-345cd62 elementor-position-top elementor-widget elementor-widget-image-box\" data-id=\"345cd62\" data-element_type=\"widget\" data-e-type=\"widget\" data-widget_type=\"image-box.default\">\n\t\t\t\t<div class=\"elementor-widget-container\">\n\t\t\t\t\t<div class=\"elementor-image-box-wrapper\"><figure class=\"elementor-image-box-img\"><a href=\"https:\/\/thuan.lib.ntnu.edu.tw\" target=\"_blank\" tabindex=\"-1\"><img loading=\"lazy\" decoding=\"async\" width=\"899\" height=\"797\" src=\"https:\/\/www.tcll.ntnu.edu.tw\/wp-content\/uploads\/2020\/12\/\u694a\u79c0\u537f\u5ff5\u6b4c.jpg\" class=\"attachment-full size-full wp-image-7490\" alt=\"\" srcset=\"https:\/\/www.tcll.ntnu.edu.tw\/wp-content\/uploads\/2020\/12\/\u694a\u79c0\u537f\u5ff5\u6b4c.jpg 899w, https:\/\/www.tcll.ntnu.edu.tw\/wp-content\/uploads\/2020\/12\/\u694a\u79c0\u537f\u5ff5\u6b4c-300x266.jpg 300w, https:\/\/www.tcll.ntnu.edu.tw\/wp-content\/uploads\/2020\/12\/\u694a\u79c0\u537f\u5ff5\u6b4c-768x681.jpg 768w\" sizes=\"(max-width: 899px) 100vw, 899px\" \/><\/a><\/figure><div class=\"elementor-image-box-content\"><h3 class=\"elementor-image-box-title\"><a href=\"https:\/\/thuan.lib.ntnu.edu.tw\" target=\"_blank\">\u694a\u79c0\u537f\u5538\u6b4c\u8072\u97f3\u53ca\u6b4c\u8a5e\u6578\u4f4d\u5178\u85cf<\/a><\/h3><p class=\"elementor-image-box-description\">\u9019\u4e2a\u8cc7\u6599\u5eab\u5c07\u91cd\u8981\u50b3\u7d71\u5538\u6b4c\u85dd\u5e2b\u694a\u79c0\u537f\u7684\u8868\u6f14\u9010\u5b57\u9010\u53e5\u650f\u8f49\u8b6f\u6210\u6587\u5b57\uff0c\u5c07\u6587\u5b57\u4f6e\u5538\u6b4c\u650f\u56e5\u4f47\u7db2\u8def\u9802\u982d\uff0c\u4e88\u9010\u5bb6\u4f86\u6b23\u8cde\u4f0a\u7684\u7434\u8072\u6b4c\u85dd\u548c\u55ae\u6458\uff08\u9053\u5730\uff09\u7684\u53f0\u8a9e\u3002<br>\n\u8a08\u5283\u4e3b\u6301\u4eba\uff1a\u674e\u52e4\u5cb8\u8001\u5e2b<br>\nE-mail\uff1akhinhuann@gmail.com<\/p><\/div><\/div>\t\t\t\t<\/div>\n\t\t\t\t<\/div>\n\t\t\t\t\t<\/div>\n\t\t<\/div>\n\t\t\t\t<div class=\"elementor-column elementor-col-33 elementor-top-column elementor-element elementor-element-fcfa6ed\" data-id=\"fcfa6ed\" data-element_type=\"column\" data-e-type=\"column\">\n\t\t\t<div class=\"elementor-widget-wrap elementor-element-populated\">\n\t\t\t\t\t\t<div class=\"elementor-element elementor-element-b6b10ab elementor-position-top elementor-widget elementor-widget-image-box\" data-id=\"b6b10ab\" data-element_type=\"widget\" data-e-type=\"widget\" data-widget_type=\"image-box.default\">\n\t\t\t\t<div class=\"elementor-widget-container\">\n\t\t\t\t\t<div class=\"elementor-image-box-wrapper\"><figure class=\"elementor-image-box-img\"><a href=\"https:\/\/teacherlibrarian.lib.ntnu.edu.tw\/tcll\/\" target=\"_blank\" tabindex=\"-1\"><img loading=\"lazy\" decoding=\"async\" width=\"370\" height=\"315\" src=\"https:\/\/www.tcll.ntnu.edu.tw\/wp-content\/uploads\/2020\/12\/\u53f0\u7063\u5728\u5730\u6587\u4eba\u8cc7\u6599\u5eab.png\" class=\"attachment-full size-full wp-image-7668\" alt=\"\" srcset=\"https:\/\/www.tcll.ntnu.edu.tw\/wp-content\/uploads\/2020\/12\/\u53f0\u7063\u5728\u5730\u6587\u4eba\u8cc7\u6599\u5eab.png 370w, https:\/\/www.tcll.ntnu.edu.tw\/wp-content\/uploads\/2020\/12\/\u53f0\u7063\u5728\u5730\u6587\u4eba\u8cc7\u6599\u5eab-300x255.png 300w\" sizes=\"(max-width: 370px) 100vw, 370px\" \/><\/a><\/figure><div class=\"elementor-image-box-content\"><h3 class=\"elementor-image-box-title\"><a href=\"https:\/\/teacherlibrarian.lib.ntnu.edu.tw\/tcll\/\" target=\"_blank\">\u53f0\u7063\u5728\u5730\u6587\u4eba\u8cc7\u6599\u5eab<\/a><\/h3><p class=\"elementor-image-box-description\">\u672c\u8cc7\u6599\u5eab\u4ee5\u53f0\u7063\u5341\u4e5d\u4e16\u7d00\u5728\u5730\u6587\u4eba\u7684\u53e4\u5178\u6563\u6587\u70ba\u4e3b\u8981\u7d20\u6750\uff0c\u5305\u62ec\u904a\u8a18\u3001\u8b70\u8ad6\u3001\u66f8\u4fe1\u3001\u5e8f\u8dcb\u7b49\u6587\u985e\u9375\u5165\u88fd\u6210\u96fb\u5b50\u6a94\uff0c\u6216\u6383\u63cf\u70ba\u5f71\u50cf\u6a94\uff0c\u6709\u52a9\u65bc\u64f4\u5927\u53f0\u7063\u53e4\u5178\u6587\u5b78\u8207\u6587\u5316\u53f2\u6599\u7684\u8490\u7f85\u9762\u5411\u3002<br>\n\u8a08\u5283\u4e3b\u6301\u4eba\uff1a\u6797\u6dd1\u6167\u8001\u5e2b<br>\nE-mail\uff1asiokhui@ntnu.edu.tw<\/p><\/div><\/div>\t\t\t\t<\/div>\n\t\t\t\t<\/div>\n\t\t\t\t\t<\/div>\n\t\t<\/div>\n\t\t\t\t\t<\/div>\n\t\t<\/section>\n\t\t\t\t<section class=\"elementor-section elementor-top-section elementor-element elementor-element-213f10f elementor-section-boxed elementor-section-height-default elementor-section-height-default\" data-id=\"213f10f\" data-element_type=\"section\" data-e-type=\"section\">\n\t\t\t\t\t\t<div class=\"elementor-container elementor-column-gap-default\">\n\t\t\t\t\t<div class=\"elementor-column elementor-col-33 elementor-top-column elementor-element elementor-element-4db1d32\" data-id=\"4db1d32\" data-element_type=\"column\" data-e-type=\"column\">\n\t\t\t<div class=\"elementor-widget-wrap elementor-element-populated\">\n\t\t\t\t\t\t<div class=\"elementor-element elementor-element-90e9e08 elementor-widget elementor-widget-text-editor\" data-id=\"90e9e08\" data-element_type=\"widget\" data-e-type=\"widget\" data-widget_type=\"text-editor.default\">\n\t\t\t\t<div class=\"elementor-widget-container\">\n\t\t\t\t\t\t\t\t\t<h6><span style=\"color: #ab1507;\">\u2605 \u56e0\u61c9\u8cc7\u5b89\u9632\u8b77\uff0c\u672c\u7db2\u7ad9\u5373\u65e5\u8d77\u50c5\u958b\u653e\u672c\u6821\u5716\u66f8\u9928\u7db2\u57df\u9023\u7dda\u5b58\u53d6\uff0c\u4f7f\u7528\u8005\u8acb\u81f3\u672c\u6821\u5be6\u9ad4\u5716\u66f8\u9928\u4f7f\u7528\uff0c\u656c\u8acb\u898b\u8ad2\uff01<\/span><\/h6><h6><a href=\"https:\/\/taiwanese-corpus.github.io\/Khin-hoan_2010_pojbh\/\" target=\"_blank\" rel=\"noopener\">\u2605 \u5099\u7528\u7db2\u5740\u8acb\u9ede\u6b64\uff01\uff01\uff08\u7121\u641c\u5c0b\u529f\u80fd\uff09<\/a><\/h6>\t\t\t\t\t\t\t\t<\/div>\n\t\t\t\t<\/div>\n\t\t\t\t\t<\/div>\n\t\t<\/div>\n\t\t\t\t<div class=\"elementor-column elementor-col-33 elementor-top-column elementor-element elementor-element-96c0f45\" data-id=\"96c0f45\" data-element_type=\"column\" data-e-type=\"column\">\n\t\t\t<div class=\"elementor-widget-wrap elementor-element-populated\">\n\t\t\t\t\t\t<div class=\"elementor-element elementor-element-9fc1435 elementor-widget elementor-widget-text-editor\" data-id=\"9fc1435\" data-element_type=\"widget\" data-e-type=\"widget\" data-widget_type=\"text-editor.default\">\n\t\t\t\t<div class=\"elementor-widget-container\">\n\t\t\t\t\t\t\t\t\t<h6><span style=\"color: #ab1507;\">\u2605 \u56e0\u61c9\u8cc7\u5b89\u9632\u8b77\uff0c\u672c\u7db2\u7ad9\u5373\u65e5\u8d77\u50c5\u958b\u653e\u672c\u6821\u5716\u66f8\u9928\u7db2\u57df\u9023\u7dda\u5b58\u53d6\uff0c\u4f7f\u7528\u8005\u8acb\u81f3\u672c\u6821\u5be6\u9ad4\u5716\u66f8\u9928\u4f7f\u7528\uff0c\u656c\u8acb\u898b\u8ad2\uff01<\/span><\/h6>\t\t\t\t\t\t\t\t<\/div>\n\t\t\t\t<\/div>\n\t\t\t\t\t<\/div>\n\t\t<\/div>\n\t\t\t\t<div class=\"elementor-column elementor-col-33 elementor-top-column elementor-element elementor-element-b9fd72d\" data-id=\"b9fd72d\" data-element_type=\"column\" data-e-type=\"column\">\n\t\t\t<div class=\"elementor-widget-wrap\">\n\t\t\t\t\t\t\t<\/div>\n\t\t<\/div>\n\t\t\t\t\t<\/div>\n\t\t<\/section>\n\t\t\t\t<section class=\"elementor-section elementor-top-section elementor-element elementor-element-40651af elementor-section-boxed elementor-section-height-default elementor-section-height-default\" data-id=\"40651af\" data-element_type=\"section\" data-e-type=\"section\">\n\t\t\t\t\t\t<div class=\"elementor-container elementor-column-gap-default\">\n\t\t\t\t\t<div class=\"elementor-column elementor-col-100 elementor-top-column elementor-element elementor-element-0cdc889\" data-id=\"0cdc889\" data-element_type=\"column\" data-e-type=\"column\">\n\t\t\t<div class=\"elementor-widget-wrap elementor-element-populated\">\n\t\t\t\t\t\t<div class=\"elementor-element elementor-element-26ea5e5 elementor-widget elementor-widget-menu-anchor\" data-id=\"26ea5e5\" data-element_type=\"widget\" data-e-type=\"widget\" data-widget_type=\"menu-anchor.default\">\n\t\t\t\t<div class=\"elementor-widget-container\">\n\t\t\t\t\t\t\t<div class=\"elementor-menu-anchor\" id=\"3\"><\/div>\n\t\t\t\t\t\t<\/div>\n\t\t\t\t<\/div>\n\t\t\t\t\t<\/div>\n\t\t<\/div>\n\t\t\t\t\t<\/div>\n\t\t<\/section>\n\t\t\t\t<\/div>\n\t\t","protected":false},"excerpt":{"rendered":"<p>\u6578\u4f4d\u5178\u85cf\u8a08\u756b\u8207\u7db2\u7ad9 S\u00f2o-u\u012b Ti\u00e1n-ts\u00f4ng K\u00e8-u\u0113 kap B\u0101ng-ts\u0101m TaiGidd [&hellip;]<\/p>\n","protected":false},"author":2,"featured_media":0,"parent":3976,"menu_order":0,"comment_status":"closed","ping_status":"closed","template":"","meta":{"ocean_post_layout":"","ocean_both_sidebars_style":"","ocean_both_sidebars_content_width":0,"ocean_both_sidebars_sidebars_width":0,"ocean_sidebar":"0","ocean_second_sidebar":"0","ocean_disable_margins":"enable","ocean_add_body_class":"","ocean_shortcode_before_top_bar":"","ocean_shortcode_after_top_bar":"","ocean_shortcode_before_header":"","ocean_shortcode_after_header":"","ocean_has_shortcode":"","ocean_shortcode_after_title":"","ocean_shortcode_before_footer_widgets":"","ocean_shortcode_after_footer_widgets":"","ocean_shortcode_before_footer_bottom":"","ocean_shortcode_after_footer_bottom":"","ocean_display_top_bar":"default","ocean_display_header":"default","ocean_header_style":"","ocean_center_header_left_menu":"0","ocean_custom_header_template":"0","ocean_custom_logo":0,"ocean_custom_retina_logo":0,"ocean_custom_logo_max_width":0,"ocean_custom_logo_tablet_max_width":0,"ocean_custom_logo_mobile_max_width":0,"ocean_custom_logo_max_height":0,"ocean_custom_logo_tablet_max_height":0,"ocean_custom_logo_mobile_max_height":0,"ocean_header_custom_menu":"0","ocean_menu_typo_font_family":"0","ocean_menu_typo_font_subset":"","ocean_menu_typo_font_size":0,"ocean_menu_typo_font_size_tablet":0,"ocean_menu_typo_font_size_mobile":0,"ocean_menu_typo_font_size_unit":"px","ocean_menu_typo_font_weight":"","ocean_menu_typo_font_weight_tablet":"","ocean_menu_typo_font_weight_mobile":"","ocean_menu_typo_transform":"","ocean_menu_typo_transform_tablet":"","ocean_menu_typo_transform_mobile":"","ocean_menu_typo_line_height":0,"ocean_menu_typo_line_height_tablet":0,"ocean_menu_typo_line_height_mobile":0,"ocean_menu_typo_line_height_unit":"","ocean_menu_typo_spacing":0,"ocean_menu_typo_spacing_tablet":0,"ocean_menu_typo_spacing_mobile":0,"ocean_menu_typo_spacing_unit":"","ocean_menu_link_color":"","ocean_menu_link_color_hover":"","ocean_menu_link_color_active":"","ocean_menu_link_background":"","ocean_menu_link_hover_background":"","ocean_menu_link_active_background":"","ocean_menu_social_links_bg":"","ocean_menu_social_hover_links_bg":"","ocean_menu_social_links_color":"","ocean_menu_social_hover_links_color":"","ocean_disable_title":"default","ocean_disable_heading":"default","ocean_post_title":"","ocean_post_subheading":"","ocean_post_title_style":"","ocean_post_title_background_color":"","ocean_post_title_background":0,"ocean_post_title_bg_image_position":"","ocean_post_title_bg_image_attachment":"","ocean_post_title_bg_image_repeat":"","ocean_post_title_bg_image_size":"","ocean_post_title_height":0,"ocean_post_title_bg_overlay":0.5,"ocean_post_title_bg_overlay_color":"","ocean_disable_breadcrumbs":"default","ocean_breadcrumbs_color":"","ocean_breadcrumbs_separator_color":"","ocean_breadcrumbs_links_color":"","ocean_breadcrumbs_links_hover_color":"","ocean_display_footer_widgets":"default","ocean_display_footer_bottom":"default","ocean_custom_footer_template":"0","footnotes":""},"class_list":["post-6342","page","type-page","status-publish","hentry","entry"],"_links":{"self":[{"href":"https:\/\/www.tcll.ntnu.edu.tw\/index.php\/wp-json\/wp\/v2\/pages\/6342","targetHints":{"allow":["GET"]}}],"collection":[{"href":"https:\/\/www.tcll.ntnu.edu.tw\/index.php\/wp-json\/wp\/v2\/pages"}],"about":[{"href":"https:\/\/www.tcll.ntnu.edu.tw\/index.php\/wp-json\/wp\/v2\/types\/page"}],"author":[{"embeddable":true,"href":"https:\/\/www.tcll.ntnu.edu.tw\/index.php\/wp-json\/wp\/v2\/users\/2"}],"replies":[{"embeddable":true,"href":"https:\/\/www.tcll.ntnu.edu.tw\/index.php\/wp-json\/wp\/v2\/comments?post=6342"}],"version-history":[{"count":84,"href":"https:\/\/www.tcll.ntnu.edu.tw\/index.php\/wp-json\/wp\/v2\/pages\/6342\/revisions"}],"predecessor-version":[{"id":16979,"href":"https:\/\/www.tcll.ntnu.edu.tw\/index.php\/wp-json\/wp\/v2\/pages\/6342\/revisions\/16979"}],"up":[{"embeddable":true,"href":"https:\/\/www.tcll.ntnu.edu.tw\/index.php\/wp-json\/wp\/v2\/pages\/3976"}],"wp:attachment":[{"href":"https:\/\/www.tcll.ntnu.edu.tw\/index.php\/wp-json\/wp\/v2\/media?parent=6342"}],"curies":[{"name":"wp","href":"https:\/\/api.w.org\/{rel}","templated":true}]}}